{"id":12,"date":"2016-11-16T12:03:30","date_gmt":"2016-11-16T12:03:30","guid":{"rendered":"http:\/\/belgradewineschool.com\/en\/?page_id=12"},"modified":"2025-12-21T18:43:20","modified_gmt":"2025-12-21T17:43:20","slug":"instructor","status":"publish","type":"page","link":"https:\/\/belgradewineschool.com\/en\/about-us\/instructor\/","title":{"rendered":"Instructor level 1,2 and 3."},"content":{"rendered":"\n<h2 class=\"wp-block-heading h1\">Aleksandar Matejic<\/h2>\n\n\n\n<div style=\"height:30px\" aria-hidden=\"true\" class=\"wp-block-spacer\"><\/div>\n\n\n\n<div class=\"wp-block-media-text is-stacked-on-mobile\" style=\"grid-template-columns:25% auto\"><figure class=\"wp-block-media-text__media\"><img loading=\"lazy\" decoding=\"async\" width=\"380\" height=\"570\" src=\"https:\/\/belgradewineschool.com\/en\/wp-content\/uploads\/sites\/2\/2025\/12\/Aleksandar-Matejic-predavac-380x570.jpg\" alt=\"\" class=\"wp-image-495 size-medium\" srcset=\"https:\/\/belgradewineschool.com\/en\/wp-content\/uploads\/sites\/2\/2025\/12\/Aleksandar-Matejic-predavac-380x570.jpg 380w, https:\/\/belgradewineschool.com\/en\/wp-content\/uploads\/sites\/2\/2025\/12\/Aleksandar-Matejic-predavac-73x110.jpg 73w, https:\/\/belgradewineschool.com\/en\/wp-content\/uploads\/sites\/2\/2025\/12\/Aleksandar-Matejic-predavac-280x420.jpg 280w, https:\/\/belgradewineschool.com\/en\/wp-content\/uploads\/sites\/2\/2025\/12\/Aleksandar-Matejic-predavac-287x430.jpg 287w, https:\/\/belgradewineschool.com\/en\/wp-content\/uploads\/sites\/2\/2025\/12\/Aleksandar-Matejic-predavac.jpg 660w\" sizes=\"auto, (max-width: 380px) 100vw, 380px\" \/><\/figure><div class=\"wp-block-media-text__content\">\n<p class=\"has-medium-font-size\">Aleksandar is Diploma graduated WSET London School (DipWSET).<\/p>\n\n\n\n<p class=\"has-medium-font-size\">After successfully passed exams in August 2016 he became the WSET Certified Educator for WSET Level 1 Award in Wines, WSET Level 2 Award in Wines and Spirits and WSET Level 3 Award in Wines.<\/p>\n\n\n\n<p class=\"has-medium-font-size\">Alexander is the founder and principal lecturer at Belgrade Wine School.<\/p>\n\n\n\n<p class=\"has-medium-font-size\">He spent the last 15 years in the wine industry and has more than 20 years of experience in the hospitality industry in France and in Serbia.<\/p>\n\n\n\n<p class=\"has-medium-font-size\">His education in England and various trips around wine regions in Europe, Africa, Asia and America have enriched his experience and formed his personal view on the world of wine and the<br>whole wine and spirits industry.<\/p>\n<\/div><\/div>\n\n\n\n<div style=\"height:30px\" aria-hidden=\"true\" class=\"wp-block-spacer\"><\/div>\n\n\n\n<h2 class=\"wp-block-heading h1\">Vladimir \u0106ur\u010di\u0107<\/h2>\n\n\n\n<div style=\"height:30px\" aria-hidden=\"true\" class=\"wp-block-spacer\"><\/div>\n\n\n\n<div class=\"wp-block-media-text is-stacked-on-mobile\" style=\"grid-template-columns:25% auto\"><figure class=\"wp-block-media-text__media\"><img loading=\"lazy\" decoding=\"async\" width=\"660\" height=\"990\" src=\"https:\/\/belgradewineschool.com\/en\/wp-content\/uploads\/sites\/2\/2025\/12\/Vladimir-Curcic-predavac.jpg\" alt=\"\" class=\"wp-image-497 size-full\" srcset=\"https:\/\/belgradewineschool.com\/en\/wp-content\/uploads\/sites\/2\/2025\/12\/Vladimir-Curcic-predavac.jpg 660w, https:\/\/belgradewineschool.com\/en\/wp-content\/uploads\/sites\/2\/2025\/12\/Vladimir-Curcic-predavac-380x570.jpg 380w, https:\/\/belgradewineschool.com\/en\/wp-content\/uploads\/sites\/2\/2025\/12\/Vladimir-Curcic-predavac-73x110.jpg 73w, https:\/\/belgradewineschool.com\/en\/wp-content\/uploads\/sites\/2\/2025\/12\/Vladimir-Curcic-predavac-280x420.jpg 280w, https:\/\/belgradewineschool.com\/en\/wp-content\/uploads\/sites\/2\/2025\/12\/Vladimir-Curcic-predavac-287x430.jpg 287w\" sizes=\"auto, (max-width: 660px) 100vw, 660px\" \/><\/figure><div class=\"wp-block-media-text__content\">\n<p class=\"has-medium-font-size\">Vladimir is the first <strong>WSET Certified Educator in Spirits<\/strong> from Serbia and the first person from Serbia to complete the <strong>WSET Level 3 in Spirits<\/strong> in London \u2014 the highest international WSET qualification in the field of distilled spirits.<\/p>\n\n\n\n<p class=\"has-medium-font-size\">He continuously advances his knowledge through global spirits courses and regularly attends trade fairs and professional tastings across Europe, combining theoretical expertise with practical experience.<\/p>\n\n\n\n<p class=\"has-medium-font-size\">Vladimir actively participates as a <strong>spirits judge<\/strong> at numerous rakija (brandy) festivals, contributing to the development of quality rakija culture and consumer education.<\/p>\n\n\n\n<p class=\"has-medium-font-size\">He is particularly interested in <strong>combining traditional methods with global best practices in spirits production technology<\/strong>, as well as in raising quality standards in fruit brandy production in Serbia.<\/p>\n\n\n\n<p class=\"has-medium-font-size\">He also has extensive hands-on experience in the production of distilled spirits.<\/p>\n<\/div><\/div>\n","protected":false},"excerpt":{"rendered":"<p>Aleksandar Matejic Aleksandar is Diploma graduated WSET London School (DipWSET). After successfully passed exams in August 2016 he became the WSET Certified Educator for WSET Level 1 Award in Wines, WSET Level 2 Award in Wines and Spirits and WSET Level 3 Award in Wines. Alexander is the founder and principal lecturer at Belgrade Wine [&hellip;]<\/p>\n","protected":false},"author":1,"featured_media":17,"parent":8,"menu_order":0,"comment_status":"closed","ping_status":"closed","template":"","meta":{"footnotes":""},"class_list":["post-12","page","type-page","status-publish","has-post-thumbnail","hentry"],"yoast_head":"<!-- This site is optimized with the Yoast SEO plugin v27.5 - https:\/\/yoast.com\/product\/yoast-seo-wordpress\/ -->\n<title>Instructor level 1,2 and 3. - BWS - English<\/title>\n<meta name=\"robots\" content=\"index, follow, max-snippet:-1, max-image-preview:large, max-video-preview:-1\" \/>\n<link rel=\"canonical\" href=\"https:\/\/belgradewineschool.com\/en\/about-us\/instructor\/\" \/>\n<meta property=\"og:locale\" content=\"en_US\" \/>\n<meta property=\"og:type\" content=\"article\" \/>\n<meta property=\"og:title\" content=\"Instructor level 1,2 and 3. - BWS - English\" \/>\n<meta property=\"og:description\" content=\"Aleksandar Matejic Aleksandar is Diploma graduated WSET London School (DipWSET). After successfully passed exams in August 2016 he became the WSET Certified Educator for WSET Level 1 Award in Wines, WSET Level 2 Award in Wines and Spirits and WSET Level 3 Award in Wines. Alexander is the founder and principal lecturer at Belgrade Wine [&hellip;]\" \/>\n<meta property=\"og:url\" content=\"https:\/\/belgradewineschool.com\/en\/about-us\/instructor\/\" \/>\n<meta property=\"og:site_name\" content=\"BWS - English\" \/>\n<meta property=\"article:modified_time\" content=\"2025-12-21T17:43:20+00:00\" \/>\n<meta property=\"og:image\" content=\"https:\/\/belgradewineschool.com\/en\/wp-content\/uploads\/sites\/2\/2016\/11\/instructors.jpg\" \/>\n\t<meta property=\"og:image:width\" content=\"341\" \/>\n\t<meta property=\"og:image:height\" content=\"227\" \/>\n\t<meta property=\"og:image:type\" content=\"image\/jpeg\" \/>\n<meta name=\"twitter:card\" content=\"summary_large_image\" \/>\n<meta name=\"twitter:label1\" content=\"Est. reading time\" \/>\n\t<meta name=\"twitter:data1\" content=\"2 minutes\" \/>\n<script type=\"application\/ld+json\" class=\"yoast-schema-graph\">{\"@context\":\"https:\\\/\\\/schema.org\",\"@graph\":[{\"@type\":\"WebPage\",\"@id\":\"https:\\\/\\\/belgradewineschool.com\\\/en\\\/about-us\\\/instructor\\\/\",\"url\":\"https:\\\/\\\/belgradewineschool.com\\\/en\\\/about-us\\\/instructor\\\/\",\"name\":\"Instructor level 1,2 and 3. - BWS - English\",\"isPartOf\":{\"@id\":\"https:\\\/\\\/belgradewineschool.com\\\/en\\\/#website\"},\"primaryImageOfPage\":{\"@id\":\"https:\\\/\\\/belgradewineschool.com\\\/en\\\/about-us\\\/instructor\\\/#primaryimage\"},\"image\":{\"@id\":\"https:\\\/\\\/belgradewineschool.com\\\/en\\\/about-us\\\/instructor\\\/#primaryimage\"},\"thumbnailUrl\":\"https:\\\/\\\/belgradewineschool.com\\\/en\\\/wp-content\\\/uploads\\\/sites\\\/2\\\/2016\\\/11\\\/instructors.jpg\",\"datePublished\":\"2016-11-16T12:03:30+00:00\",\"dateModified\":\"2025-12-21T17:43:20+00:00\",\"breadcrumb\":{\"@id\":\"https:\\\/\\\/belgradewineschool.com\\\/en\\\/about-us\\\/instructor\\\/#breadcrumb\"},\"inLanguage\":\"en-US\",\"potentialAction\":[{\"@type\":\"ReadAction\",\"target\":[\"https:\\\/\\\/belgradewineschool.com\\\/en\\\/about-us\\\/instructor\\\/\"]}]},{\"@type\":\"ImageObject\",\"inLanguage\":\"en-US\",\"@id\":\"https:\\\/\\\/belgradewineschool.com\\\/en\\\/about-us\\\/instructor\\\/#primaryimage\",\"url\":\"https:\\\/\\\/belgradewineschool.com\\\/en\\\/wp-content\\\/uploads\\\/sites\\\/2\\\/2016\\\/11\\\/instructors.jpg\",\"contentUrl\":\"https:\\\/\\\/belgradewineschool.com\\\/en\\\/wp-content\\\/uploads\\\/sites\\\/2\\\/2016\\\/11\\\/instructors.jpg\",\"width\":341,\"height\":227},{\"@type\":\"BreadcrumbList\",\"@id\":\"https:\\\/\\\/belgradewineschool.com\\\/en\\\/about-us\\\/instructor\\\/#breadcrumb\",\"itemListElement\":[{\"@type\":\"ListItem\",\"position\":1,\"name\":\"Home\",\"item\":\"https:\\\/\\\/belgradewineschool.com\\\/en\\\/\"},{\"@type\":\"ListItem\",\"position\":2,\"name\":\"About us\",\"item\":\"https:\\\/\\\/belgradewineschool.com\\\/en\\\/about-us\\\/\"},{\"@type\":\"ListItem\",\"position\":3,\"name\":\"Instructor level 1,2 and 3.\"}]},{\"@type\":\"WebSite\",\"@id\":\"https:\\\/\\\/belgradewineschool.com\\\/en\\\/#website\",\"url\":\"https:\\\/\\\/belgradewineschool.com\\\/en\\\/\",\"name\":\"BWS - English\",\"description\":\"\",\"publisher\":{\"@id\":\"https:\\\/\\\/belgradewineschool.com\\\/en\\\/#organization\"},\"potentialAction\":[{\"@type\":\"SearchAction\",\"target\":{\"@type\":\"EntryPoint\",\"urlTemplate\":\"https:\\\/\\\/belgradewineschool.com\\\/en\\\/?s={search_term_string}\"},\"query-input\":{\"@type\":\"PropertyValueSpecification\",\"valueRequired\":true,\"valueName\":\"search_term_string\"}}],\"inLanguage\":\"en-US\"},{\"@type\":\"Organization\",\"@id\":\"https:\\\/\\\/belgradewineschool.com\\\/en\\\/#organization\",\"name\":\"BWS - English\",\"url\":\"https:\\\/\\\/belgradewineschool.com\\\/en\\\/\",\"logo\":{\"@type\":\"ImageObject\",\"inLanguage\":\"en-US\",\"@id\":\"https:\\\/\\\/belgradewineschool.com\\\/en\\\/#\\\/schema\\\/logo\\\/image\\\/\",\"url\":\"https:\\\/\\\/belgradewineschool.com\\\/en\\\/wp-content\\\/uploads\\\/sites\\\/2\\\/2016\\\/11\\\/Belgrade-Wine-School-logo.jpg\",\"contentUrl\":\"https:\\\/\\\/belgradewineschool.com\\\/en\\\/wp-content\\\/uploads\\\/sites\\\/2\\\/2016\\\/11\\\/Belgrade-Wine-School-logo.jpg\",\"width\":315,\"height\":98,\"caption\":\"BWS - English\"},\"image\":{\"@id\":\"https:\\\/\\\/belgradewineschool.com\\\/en\\\/#\\\/schema\\\/logo\\\/image\\\/\"}}]}<\/script>\n<!-- \/ Yoast SEO plugin. -->","yoast_head_json":{"title":"Instructor level 1,2 and 3. - BWS - English","robots":{"index":"index","follow":"follow","max-snippet":"max-snippet:-1","max-image-preview":"max-image-preview:large","max-video-preview":"max-video-preview:-1"},"canonical":"https:\/\/belgradewineschool.com\/en\/about-us\/instructor\/","og_locale":"en_US","og_type":"article","og_title":"Instructor level 1,2 and 3. - BWS - English","og_description":"Aleksandar Matejic Aleksandar is Diploma graduated WSET London School (DipWSET). After successfully passed exams in August 2016 he became the WSET Certified Educator for WSET Level 1 Award in Wines, WSET Level 2 Award in Wines and Spirits and WSET Level 3 Award in Wines. Alexander is the founder and principal lecturer at Belgrade Wine [&hellip;]","og_url":"https:\/\/belgradewineschool.com\/en\/about-us\/instructor\/","og_site_name":"BWS - English","article_modified_time":"2025-12-21T17:43:20+00:00","og_image":[{"width":341,"height":227,"url":"https:\/\/belgradewineschool.com\/en\/wp-content\/uploads\/sites\/2\/2016\/11\/instructors.jpg","type":"image\/jpeg"}],"twitter_card":"summary_large_image","twitter_misc":{"Est. reading time":"2 minutes"},"schema":{"@context":"https:\/\/schema.org","@graph":[{"@type":"WebPage","@id":"https:\/\/belgradewineschool.com\/en\/about-us\/instructor\/","url":"https:\/\/belgradewineschool.com\/en\/about-us\/instructor\/","name":"Instructor level 1,2 and 3. - BWS - English","isPartOf":{"@id":"https:\/\/belgradewineschool.com\/en\/#website"},"primaryImageOfPage":{"@id":"https:\/\/belgradewineschool.com\/en\/about-us\/instructor\/#primaryimage"},"image":{"@id":"https:\/\/belgradewineschool.com\/en\/about-us\/instructor\/#primaryimage"},"thumbnailUrl":"https:\/\/belgradewineschool.com\/en\/wp-content\/uploads\/sites\/2\/2016\/11\/instructors.jpg","datePublished":"2016-11-16T12:03:30+00:00","dateModified":"2025-12-21T17:43:20+00:00","breadcrumb":{"@id":"https:\/\/belgradewineschool.com\/en\/about-us\/instructor\/#breadcrumb"},"inLanguage":"en-US","potentialAction":[{"@type":"ReadAction","target":["https:\/\/belgradewineschool.com\/en\/about-us\/instructor\/"]}]},{"@type":"ImageObject","inLanguage":"en-US","@id":"https:\/\/belgradewineschool.com\/en\/about-us\/instructor\/#primaryimage","url":"https:\/\/belgradewineschool.com\/en\/wp-content\/uploads\/sites\/2\/2016\/11\/instructors.jpg","contentUrl":"https:\/\/belgradewineschool.com\/en\/wp-content\/uploads\/sites\/2\/2016\/11\/instructors.jpg","width":341,"height":227},{"@type":"BreadcrumbList","@id":"https:\/\/belgradewineschool.com\/en\/about-us\/instructor\/#breadcrumb","itemListElement":[{"@type":"ListItem","position":1,"name":"Home","item":"https:\/\/belgradewineschool.com\/en\/"},{"@type":"ListItem","position":2,"name":"About us","item":"https:\/\/belgradewineschool.com\/en\/about-us\/"},{"@type":"ListItem","position":3,"name":"Instructor level 1,2 and 3."}]},{"@type":"WebSite","@id":"https:\/\/belgradewineschool.com\/en\/#website","url":"https:\/\/belgradewineschool.com\/en\/","name":"BWS - English","description":"","publisher":{"@id":"https:\/\/belgradewineschool.com\/en\/#organization"},"potentialAction":[{"@type":"SearchAction","target":{"@type":"EntryPoint","urlTemplate":"https:\/\/belgradewineschool.com\/en\/?s={search_term_string}"},"query-input":{"@type":"PropertyValueSpecification","valueRequired":true,"valueName":"search_term_string"}}],"inLanguage":"en-US"},{"@type":"Organization","@id":"https:\/\/belgradewineschool.com\/en\/#organization","name":"BWS - English","url":"https:\/\/belgradewineschool.com\/en\/","logo":{"@type":"ImageObject","inLanguage":"en-US","@id":"https:\/\/belgradewineschool.com\/en\/#\/schema\/logo\/image\/","url":"https:\/\/belgradewineschool.com\/en\/wp-content\/uploads\/sites\/2\/2016\/11\/Belgrade-Wine-School-logo.jpg","contentUrl":"https:\/\/belgradewineschool.com\/en\/wp-content\/uploads\/sites\/2\/2016\/11\/Belgrade-Wine-School-logo.jpg","width":315,"height":98,"caption":"BWS - English"},"image":{"@id":"https:\/\/belgradewineschool.com\/en\/#\/schema\/logo\/image\/"}}]}},"_links":{"self":[{"href":"https:\/\/belgradewineschool.com\/en\/wp-json\/wp\/v2\/pages\/12","targetHints":{"allow":["GET"]}}],"collection":[{"href":"https:\/\/belgradewineschool.com\/en\/wp-json\/wp\/v2\/pages"}],"about":[{"href":"https:\/\/belgradewineschool.com\/en\/wp-json\/wp\/v2\/types\/page"}],"author":[{"embeddable":true,"href":"https:\/\/belgradewineschool.com\/en\/wp-json\/wp\/v2\/users\/1"}],"replies":[{"embeddable":true,"href":"https:\/\/belgradewineschool.com\/en\/wp-json\/wp\/v2\/comments?post=12"}],"version-history":[{"count":10,"href":"https:\/\/belgradewineschool.com\/en\/wp-json\/wp\/v2\/pages\/12\/revisions"}],"predecessor-version":[{"id":527,"href":"https:\/\/belgradewineschool.com\/en\/wp-json\/wp\/v2\/pages\/12\/revisions\/527"}],"up":[{"embeddable":true,"href":"https:\/\/belgradewineschool.com\/en\/wp-json\/wp\/v2\/pages\/8"}],"wp:featuredmedia":[{"embeddable":true,"href":"https:\/\/belgradewineschool.com\/en\/wp-json\/wp\/v2\/media\/17"}],"wp:attachment":[{"href":"https:\/\/belgradewineschool.com\/en\/wp-json\/wp\/v2\/media?parent=12"}],"curies":[{"name":"wp","href":"https:\/\/api.w.org\/{rel}","templated":true}]}}